{"id":2,"date":"2019-02-27T12:22:06","date_gmt":"2019-02-27T12:22:06","guid":{"rendered":"http:\/\/kehrenberg.com\/?page_id=2"},"modified":"2019-03-18T10:57:53","modified_gmt":"2019-03-18T10:57:53","slug":"sample-page","status":"publish","type":"page","link":"https:\/\/kehrenberg.com\/?page_id=2","title":{"rendered":"Agentur f\u00fcr Kommunikationsdesign"},"content":{"rendered":"\n<p>Bei uns finden Sie Ansprechpartner f\u00fcr Kommunikationsdesign, Film, Animation und Webdesign. Unser interdisziplin\u00e4res Team aus Selbstst\u00e4ndigen erm\u00f6glicht Ihnen alle Kan\u00e4le f\u00fcr Ihr Unternehmen optimal zu nutzen.<\/p>\n<h4>Kommunikationsdesign<\/h4>\n<ul>\n<li>Corporate Design (Logo, Visitenkarten, Briefpapier, Flyer, usw.)<\/li>\n<li>Editorial Design (Zeitschriften, Zeitungen, Magazinen, Brosch\u00fcren, B\u00fcchern usw.)<\/li>\n<li>Print Design (Drucksachen usw.)<\/li>\n<li>Screen Design (Layouts und Navigationsstruktur von z.B. Websites, Webspecials, Apps usw.)<\/li>\n<li>Unterst\u00fctzung in allen kreativen Projekten<\/li>\n<li>usw.<\/li>\n<\/ul>\n<h4>Film<\/h4>\n<p>Konzeption, Casting, Aufnahmen, Schnitt und Nachbearbeitung von zum Beispiel:<\/p>\n<ul>\n<li>Werbefilmen<\/li>\n<li>Imagefilmen<\/li>\n<li>Kurzfilmen<\/li>\n<li>Workshops<\/li>\n<li>Events<\/li>\n<li>Drohnenfl\u00fcgen<\/li>\n<\/ul>\n<h4>Animation<\/h4>\n<ul>\n<li>3D Animation (von z.B. Logos, Slogans, Grafiken, usw.)<\/li>\n<li>Implementierung von 3D Elementen in gefilmtes Material<\/li>\n<li>weitere M\u00f6glichkeiten auf Anfrage<\/li>\n<\/ul>\n<h4>Webdesign<\/h4>\n<ul>\n<li>Webvisitenkarten<\/li>\n<li>Websites<\/li>\n<li>Webspezials<\/li>\n<li>Onlineshops<\/li>\n<li>usw.<\/li>\n<\/ul>\n<h4>Weitere kreative Leistungen auf Anfrage<\/h4>\n<hr class=\"wp-block-separator is-style-wide\" \/>\n<div class=\"wp-block-button alignleft is-style-default\"><a class=\"wp-block-button__link has-background has-luminous-vivid-orange-background-color\" href=\"http:\/\/kehrenberg.com\/?page_id=11\">Termin vereinbaren<\/a><\/div>\n","protected":false},"excerpt":{"rendered":"<p>Bei uns finden Sie Ansprechpartner f\u00fcr Kommunikationsdesign, Film, Animation und Webdesign. Unser interdisziplin\u00e4res Team aus Selbstst\u00e4ndigen erm\u00f6glicht Ihnen alle Kan\u00e4le f\u00fcr Ihr Unternehmen optimal zu nutzen. Kommunikationsdesign Corporate Design (Logo, Visitenkarten, Briefpapier, Flyer, usw.) Editorial Design (Zeitschriften, Zeitungen, Magazinen, Brosch\u00fcren, B\u00fcchern usw.) Print Design (Drucksachen usw.) Screen Design (Layouts und Navigationsstruktur von z.B. Websites, Webspecials, &hellip; <\/p>\n<p class=\"link-more\"><a href=\"https:\/\/kehrenberg.com\/?page_id=2\" class=\"more-link\"><span class=\"screen-reader-text\">\u201eAgentur f\u00fcr Kommunikationsdesign\u201c<\/span> weiterlesen<\/a><\/p>\n","protected":false},"author":1,"featured_media":0,"parent":0,"menu_order":0,"comment_status":"closed","ping_status":"open","template":"","meta":{"footnotes":""},"_links":{"self":[{"href":"https:\/\/kehrenberg.com\/index.php?rest_route=\/wp\/v2\/pages\/2"}],"collection":[{"href":"https:\/\/kehrenberg.com\/index.php?rest_route=\/wp\/v2\/pages"}],"about":[{"href":"https:\/\/kehrenberg.com\/index.php?rest_route=\/wp\/v2\/types\/page"}],"author":[{"embeddable":true,"href":"https:\/\/kehrenberg.com\/index.php?rest_route=\/wp\/v2\/users\/1"}],"replies":[{"embeddable":true,"href":"https:\/\/kehrenberg.com\/index.php?rest_route=%2Fwp%2Fv2%2Fcomments&post=2"}],"version-history":[{"count":13,"href":"https:\/\/kehrenberg.com\/index.php?rest_route=\/wp\/v2\/pages\/2\/revisions"}],"predecessor-version":[{"id":150,"href":"https:\/\/kehrenberg.com\/index.php?rest_route=\/wp\/v2\/pages\/2\/revisions\/150"}],"wp:attachment":[{"href":"https:\/\/kehrenberg.com\/index.php?rest_route=%2Fwp%2Fv2%2Fmedia&parent=2"}],"curies":[{"name":"wp","href":"https:\/\/api.w.org\/{rel}","templated":true}]}}