{"id":4,"date":"2019-02-27T12:29:22","date_gmt":"2019-02-27T12:29:22","guid":{"rendered":"http:\/\/kehrenberg.com\/willkommen-auf-http-kehrenberg-com"},"modified":"2019-03-08T15:38:19","modified_gmt":"2019-03-08T15:38:19","slug":"willkommen-kehrenberg-com","status":"publish","type":"page","link":"https:\/\/kehrenberg.com\/","title":{"rendered":"Willkommen"},"content":{"rendered":"\n<blockquote class=\"wp-block-quote is-layout-flow wp-block-quote-is-layout-flow\"><p><strong>\u201eEin Logo ist dann gut, wenn man es mit dem gro\u00dfen Zeh in den Sand kratzen kann.\u201c\u00a0 <\/strong><\/p><p><\/p><cite>Kurt Weidemann, Typograph, Gestalter<br><br><\/cite><\/blockquote>\n\n\n\n<hr class=\"wp-block-separator is-style-wide\"\/>\n\n\n\n<p>\u00a0<\/p>\n<p>Das Ziel einer erfolgreichen Zusammenarbeit ist die Entwicklung einzigartiger Bildsprachen, die die Pers\u00f6nlichkeit und die Kernkompetenz Ihres Unternehmens kommuniziert.<\/p>\n<p><br \/>Zu Beginn eines Projektes steht die \u00fcberaus wichtige Analysephase, die die Diskussionsgrundlage f\u00fcr Gespr\u00e4che bilden wird.\u00a0Informationen zum Markenempfinden, rationale und emotionale Markenaspekte werden festgehalten. Auf dieser Basis lassen sich \u00e4sthetische Parameter in der On- und Offline-Kommunikation definieren.<\/p>\n<p><br \/>Mit Hilfe dieser Parameter wird das Corporate Design entwickelt, das bei der Zielgruppe einen emotionalen Impuls ausl\u00f6sen wird. Dies l\u00e4sst sich im Printbereich unter anderem durch feinste Materialien und Drucktechniken erreichen, die gezielt zum Einsatz kommen sollten.\u00a0<\/p>\n<p><br \/>Es sollten ganzheitliche Kommunikationsl\u00f6sungen angestrebt werden, denn sie ergeben ein in sich abgeschlossenes Bild und wirken auf die Zielgruppe.<\/p>\n<p><br \/><a href=\"http:\/\/kehrenberg.com\/?page_id=11\">Lassen Sie uns beginnen\u2026<\/a><\/p>\n","protected":false},"excerpt":{"rendered":"<p>\u201eEin Logo ist dann gut, wenn man es mit dem gro\u00dfen Zeh in den Sand kratzen kann.\u201c\u00a0 Kurt Weidemann, Typograph, Gestalter \u00a0 Das Ziel einer erfolgreichen Zusammenarbeit ist die Entwicklung einzigartiger Bildsprachen, die die Pers\u00f6nlichkeit und die Kernkompetenz Ihres Unternehmens kommuniziert. Zu Beginn eines Projektes steht die \u00fcberaus wichtige Analysephase, die die Diskussionsgrundlage f\u00fcr Gespr\u00e4che &hellip; <\/p>\n<p class=\"link-more\"><a href=\"https:\/\/kehrenberg.com\/\" class=\"more-link\"><span class=\"screen-reader-text\">\u201eWillkommen\u201c<\/span> weiterlesen<\/a><\/p>\n","protected":false},"author":1,"featured_media":0,"parent":0,"menu_order":0,"comment_status":"closed","ping_status":"closed","template":"","meta":{"footnotes":""},"_links":{"self":[{"href":"https:\/\/kehrenberg.com\/index.php?rest_route=\/wp\/v2\/pages\/4"}],"collection":[{"href":"https:\/\/kehrenberg.com\/index.php?rest_route=\/wp\/v2\/pages"}],"about":[{"href":"https:\/\/kehrenberg.com\/index.php?rest_route=\/wp\/v2\/types\/page"}],"author":[{"embeddable":true,"href":"https:\/\/kehrenberg.com\/index.php?rest_route=\/wp\/v2\/users\/1"}],"replies":[{"embeddable":true,"href":"https:\/\/kehrenberg.com\/index.php?rest_route=%2Fwp%2Fv2%2Fcomments&post=4"}],"version-history":[{"count":24,"href":"https:\/\/kehrenberg.com\/index.php?rest_route=\/wp\/v2\/pages\/4\/revisions"}],"predecessor-version":[{"id":141,"href":"https:\/\/kehrenberg.com\/index.php?rest_route=\/wp\/v2\/pages\/4\/revisions\/141"}],"wp:attachment":[{"href":"https:\/\/kehrenberg.com\/index.php?rest_route=%2Fwp%2Fv2%2Fmedia&parent=4"}],"curies":[{"name":"wp","href":"https:\/\/api.w.org\/{rel}","templated":true}]}}